{"id":90,"date":"2024-06-11T06:21:01","date_gmt":"2024-06-11T04:21:01","guid":{"rendered":"https:\/\/dizoer.com\/julian\/?post_type=product&#038;p=90"},"modified":"2025-01-30T12:09:15","modified_gmt":"2025-01-30T11:09:15","slug":"deep-blue","status":"publish","type":"product","link":"https:\/\/dizoer.com\/de\/produkt\/deep-blue\/","title":{"rendered":"Deep Blue (70&#215;90)"},"content":{"rendered":"<p>&#8216;Deep Blue&#8217; ist ein Bild, welches besonderen Wert f\u00fcr mich hat. Es ist das erste Bild seiner Art und lie\u00df mich nach der Fertigstellung genauso \u00fcberrascht und fasziniert staunen wie viele der Menschen, die es sp\u00e4ter auf Ausstellungen live zu sehen bekommen haben. Es hat mir extrem viel Selbstvertrauen, Motivation und Richtung gegeben. Das Werk ist nun in den H\u00e4nden der Person, die all das m\u00f6glich gemacht hat. Danke f\u00fcr alles.<\/p>\n<div class=\"group\/conversation-turn relative flex w-full min-w-0 flex-col agent-turn\">\n<div class=\"flex-col gap-1 md:gap-3\">\n<div class=\"flex flex-grow flex-col max-w-full\">\n<div class=\"min-h-[20px] text-message flex flex-col items-start whitespace-pre-wrap break-words [.text-message+&#038;]:mt-5 juice:w-full juice:items-end overflow-x-auto gap-3\" dir=\"auto\" data-message-author-role=\"assistant\" data-message-id=\"69b812c1-a8cd-4baa-8125-66984752d911\">\n<div class=\"markdown prose w-full break-words dark:prose-invert dark\">\n<p>&#8216;Deep Blue&#8217; is a painting that holds special value for me. It is the first of its kind and, upon its completion, left me just as surprised and fascinated as many of the people who later saw it at exhibitions. It gave me an immense amount of self-confidence, motivation, and direction. The work is now in the hands of the person who made all of this possible. Thank you for everything.<\/p>\n<\/div>\n<\/div>\n<\/div>\n<\/div>\n<\/div>","protected":false},"excerpt":{"rendered":"<p>&#8216;Deep Blue&#8217; ist ein Bild, welches besonderen Wert f\u00fcr mich hat. Es ist das erste Bild seiner Art und lie\u00df mich nach der Fertigstellung genauso \u00fcberrascht und fasziniert staunen wie viele der Menschen, die es sp\u00e4ter auf Ausstellungen live zu sehen bekommen haben. Es hat mir extrem viel Selbstvertrauen, Motivation und Richtung gegeben. Das Werk [&hellip;]<\/p>","protected":false},"featured_media":88,"comment_status":"open","ping_status":"closed","template":"","meta":[],"product_cat":[15],"product_tag":[],"class_list":{"0":"post-90","1":"product","2":"type-product","3":"status-publish","4":"has-post-thumbnail","6":"product_cat-unkategorisiert","8":"first","9":"outofstock","10":"shipping-taxable","11":"purchasable","12":"product-type-simple"},"_links":{"self":[{"href":"https:\/\/dizoer.com\/de\/wp-json\/wp\/v2\/product\/90","targetHints":{"allow":["GET"]}}],"collection":[{"href":"https:\/\/dizoer.com\/de\/wp-json\/wp\/v2\/product"}],"about":[{"href":"https:\/\/dizoer.com\/de\/wp-json\/wp\/v2\/types\/product"}],"replies":[{"embeddable":true,"href":"https:\/\/dizoer.com\/de\/wp-json\/wp\/v2\/comments?post=90"}],"wp:featuredmedia":[{"embeddable":true,"href":"https:\/\/dizoer.com\/de\/wp-json\/wp\/v2\/media\/88"}],"wp:attachment":[{"href":"https:\/\/dizoer.com\/de\/wp-json\/wp\/v2\/media?parent=90"}],"wp:term":[{"taxonomy":"product_cat","embeddable":true,"href":"https:\/\/dizoer.com\/de\/wp-json\/wp\/v2\/product_cat?post=90"},{"taxonomy":"product_tag","embeddable":true,"href":"https:\/\/dizoer.com\/de\/wp-json\/wp\/v2\/product_tag?post=90"}],"curies":[{"name":"wp","href":"https:\/\/api.w.org\/{rel}","templated":true}]}}