{"id":237,"date":"2022-02-02T06:23:41","date_gmt":"2022-02-02T05:23:41","guid":{"rendered":"https:\/\/dizoer.com\/julian\/?post_type=product&#038;p=237"},"modified":"2025-01-30T12:24:22","modified_gmt":"2025-01-30T11:24:22","slug":"loyality","status":"publish","type":"product","link":"https:\/\/dizoer.com\/de\/produkt\/loyality\/","title":{"rendered":"Loyality (90&#215;90)"},"content":{"rendered":"<p>This work was done under quite some pressure during the Art-Festival of Hanoi Art Connecting in Vietnams capital Hanoi. I have been invited to paint there the second time and it was such a great pleasure to meet all these artists from all around the world coming together to celebrate creativity. I was particularly invited to represent the graffiti lettering and therefore I dared to be even more truly expressive displaying tagging in which form you would probably only find it on the streets but not on a canvas, not to mention it been displayed in the Museum of Hanoi..<\/p>\n<p>I would definitely count that in as an important step on my journey. Thanks to everybody involved and especially to Trinh Tuan for the Invitation and the kind words.<\/p>\n<p>____________________<\/p>\n<p>T\u00e1c ph\u1ea9m n\u00e0y \u0111\u01b0\u1ee3c th\u1ef1c hi\u1ec7n d\u01b0\u1edbi kh\u00e1 nhi\u1ec1u \u00e1p l\u1ef1c trong L\u1ec5 h\u1ed9i Ngh\u1ec7 thu\u1eadt Hanoi Art Connecting t\u1ea1i th\u1ee7 \u0111\u00f4 H\u00e0 N\u1ed9i c\u1ee7a Vi\u1ec7t Nam. T\u00f4i \u0111\u00e3 \u0111\u01b0\u1ee3c m\u1eddi tham gia l\u1ea7n th\u1ee9 hai \u0111\u1ec3 v\u1ebd \u1edf \u0111\u00e2y v\u00e0 th\u1ef1c s\u1ef1 r\u1ea5t vui khi \u0111\u01b0\u1ee3c g\u1eb7p g\u1ee1 c\u00e1c ngh\u1ec7 s\u0129 t\u1eeb kh\u1eafp n\u01a1i tr\u00ean th\u1ebf gi\u1edbi, c\u00f9ng nhau t\u00f4n vinh s\u1ef1 s\u00e1ng t\u1ea1o. T\u00f4i \u0111\u01b0\u1ee3c m\u1eddi tham gia \u0111\u1eb7c bi\u1ec7t \u0111\u1ec3 \u0111\u1ea1i di\u1ec7n cho ngh\u1ec7 thu\u1eadt graffiti ch\u1eef vi\u1ebft, v\u00e0 v\u00ec v\u1eady, t\u00f4i \u0111\u00e3 d\u00e1m th\u1ec3 hi\u1ec7n m\u1ed9t c\u00e1ch ch\u00e2n th\u1ef1c h\u01a1n, v\u1edbi nh\u1eefng n\u00e9t v\u1ebd tagging m\u00e0 c\u00f3 l\u1ebd b\u1ea1n ch\u1ec9 th\u01b0\u1eddng th\u1ea5y tr\u00ean \u0111\u01b0\u1eddng ph\u1ed1 ch\u1ee9 kh\u00f4ng ph\u1ea3i tr\u00ean tranh v\u1ebd, ch\u01b0a k\u1ec3 \u0111\u1ebfn vi\u1ec7c t\u00e1c ph\u1ea9m n\u00e0y \u0111\u01b0\u1ee3c tr\u01b0ng b\u00e0y t\u1ea1i B\u1ea3o t\u00e0ng H\u00e0 N\u1ed9i.<\/p>\n<p>T\u00f4i ch\u1eafc ch\u1eafn s\u1ebd coi \u0111\u00e2y l\u00e0 m\u1ed9t b\u01b0\u1edbc quan tr\u1ecdng trong h\u00e0nh tr\u00ecnh c\u1ee7a m\u00ecnh. C\u1ea3m \u01a1n t\u1ea5t c\u1ea3 m\u1ecdi ng\u01b0\u1eddi \u0111\u00e3 tham gia, \u0111\u1eb7c bi\u1ec7t l\u00e0 anh Tr\u1ecbnh Tu\u1ea5n v\u00ec l\u1eddi m\u1eddi v\u00e0 nh\u1eefng l\u1eddi \u0111\u1ed9ng vi\u00ean ch\u00e2n th\u00e0nh.<\/p>","protected":false},"excerpt":{"rendered":"<p>This work was done under quite some pressure during the Art-Festival of Hanoi Art Connecting in Vietnams capital Hanoi. I have been invited to paint there the second time and it was such a great pleasure to meet all these artists from all around the world coming together to celebrate creativity. I was particularly invited [&hellip;]<\/p>","protected":false},"featured_media":233,"comment_status":"open","ping_status":"closed","template":"","meta":[],"product_cat":[15],"product_tag":[],"class_list":{"0":"post-237","1":"product","2":"type-product","3":"status-publish","4":"has-post-thumbnail","6":"product_cat-unkategorisiert","8":"first","9":"instock","10":"shipping-taxable","11":"product-type-simple"},"_links":{"self":[{"href":"https:\/\/dizoer.com\/de\/wp-json\/wp\/v2\/product\/237","targetHints":{"allow":["GET"]}}],"collection":[{"href":"https:\/\/dizoer.com\/de\/wp-json\/wp\/v2\/product"}],"about":[{"href":"https:\/\/dizoer.com\/de\/wp-json\/wp\/v2\/types\/product"}],"replies":[{"embeddable":true,"href":"https:\/\/dizoer.com\/de\/wp-json\/wp\/v2\/comments?post=237"}],"wp:featuredmedia":[{"embeddable":true,"href":"https:\/\/dizoer.com\/de\/wp-json\/wp\/v2\/media\/233"}],"wp:attachment":[{"href":"https:\/\/dizoer.com\/de\/wp-json\/wp\/v2\/media?parent=237"}],"wp:term":[{"taxonomy":"product_cat","embeddable":true,"href":"https:\/\/dizoer.com\/de\/wp-json\/wp\/v2\/product_cat?post=237"},{"taxonomy":"product_tag","embeddable":true,"href":"https:\/\/dizoer.com\/de\/wp-json\/wp\/v2\/product_tag?post=237"}],"curies":[{"name":"wp","href":"https:\/\/api.w.org\/{rel}","templated":true}]}}