{"id":234,"date":"2022-03-01T09:56:53","date_gmt":"2022-03-01T08:56:53","guid":{"rendered":"https:\/\/dizoer.com\/julian\/?post_type=product&#038;p=234"},"modified":"2025-01-30T12:22:41","modified_gmt":"2025-01-30T11:22:41","slug":"integrity","status":"publish","type":"product","link":"https:\/\/dizoer.com\/de\/produkt\/integrity\/","title":{"rendered":"Integrity (40&#215;50)"},"content":{"rendered":"<p>This work is again about daring to express what I think is good although it might not be in other peoples opinion. I was very about two years ago when I was taught first about integrity. Back then my mentor was telling me its about standing up for your values and your believes. Ever since it is very much on my mind and its been hard but finally I can show integrity when it comes to my art. After lots and lots of work I am finally not any more relying on other people valuing my art to value it myself but more so do I value it and others around me are just confirming its value. That is a very big and important difference.<\/p>\n<p>Although I are currently not in touch with that teacher of mine, I still consider him as a very important influence and want to thank him for the advises he gave me. Thank you and may our paths cross again.<\/p>\n<p>_____<\/p>\n<p>Dieses Werk handelt wieder davon, den Mut zu haben, das auszudr\u00fccken, was ich f\u00fcr gut halte, auch wenn es m\u00f6glicherweise nicht der Meinung anderer entspricht. Vor etwa zwei Jahren habe ich zum ersten Mal etwas \u00fcber Integrit\u00e4t gelernt, und das war ein pr\u00e4gender Moment f\u00fcr mich. Damals sagte mir mein Mentor, dass es darum geht, f\u00fcr die eigenen Werte und \u00dcberzeugungen einzustehen. Seitdem besch\u00e4ftigt es mich sehr, und es war ein harter Weg, aber schlie\u00dflich kann ich bei meiner Kunst Integrit\u00e4t zeigen. Nach viel Arbeit verlasse ich mich endlich nicht mehr darauf, dass andere Menschen meiner Kunst Wert beimessen, um sie selbst wertzusch\u00e4tzen, sondern ich sch\u00e4tze sie selbst \u2013 und andere um mich herum best\u00e4tigen diesen Wert nur. Das ist ein gro\u00dfer und wichtiger Unterschied.<\/p>\n<p>Obwohl ich derzeit keinen Kontakt zu diesem Lehrer habe, betrachte ich ihn immer noch als einen sehr wichtigen Einfluss und m\u00f6chte ihm f\u00fcr die Ratschl\u00e4ge danken, die er mir gegeben hat. Danke, und m\u00f6gen sich unsere Wege wieder kreuzen.<\/p>\n<p>____<\/p>\n<p>T\u00e1c ph\u1ea9m n\u00e0y l\u1ea1i ti\u1ebfp t\u1ee5c n\u00f3i v\u1ec1 s\u1ef1 d\u0169ng c\u1ea3m \u0111\u1ec3 th\u1ec3 hi\u1ec7n nh\u1eefng g\u00ec t\u00f4i cho l\u00e0 t\u1ed1t, m\u1eb7c d\u00f9 c\u00f3 th\u1ec3 kh\u00f4ng ph\u00f9 h\u1ee3p v\u1edbi quan \u0111i\u1ec3m c\u1ee7a ng\u01b0\u1eddi kh\u00e1c. Kho\u1ea3ng hai n\u0103m tr\u01b0\u1edbc, t\u00f4i l\u1ea7n \u0111\u1ea7u ti\u00ean \u0111\u01b0\u1ee3c d\u1ea1y v\u1ec1 s\u1ef1 ch\u00ednh tr\u1ef1c, v\u00e0 \u0111\u00f3 l\u00e0 m\u1ed9t kho\u1ea3nh kh\u1eafc r\u1ea5t quan tr\u1ecdng \u0111\u1ed1i v\u1edbi t\u00f4i. Khi \u0111\u00f3, ng\u01b0\u1eddi c\u1ed1 v\u1ea5n \u0111\u00e3 n\u00f3i v\u1edbi t\u00f4i r\u1eb1ng ch\u00ednh tr\u1ef1c l\u00e0 \u0111\u1ee9ng l\u00ean b\u1ea3o v\u1ec7 gi\u00e1 tr\u1ecb v\u00e0 ni\u1ec1m tin c\u1ee7a m\u00ecnh. K\u1ec3 t\u1eeb \u0111\u00f3, \u0111i\u1ec1u n\u00e0y lu\u00f4n \u1edf trong t\u00e2m tr\u00ed t\u00f4i, v\u00e0 \u0111\u00f3 l\u00e0 m\u1ed9t h\u00e0nh tr\u00ecnh kh\u00f3 kh\u0103n, nh\u01b0ng cu\u1ed1i c\u00f9ng t\u00f4i c\u0169ng c\u00f3 th\u1ec3 th\u1ec3 hi\u1ec7n s\u1ef1 ch\u00ednh tr\u1ef1c qua ngh\u1ec7 thu\u1eadt c\u1ee7a m\u00ecnh. Sau r\u1ea5t nhi\u1ec1u c\u00f4ng vi\u1ec7c, t\u00f4i kh\u00f4ng c\u00f2n d\u1ef1a v\u00e0o ng\u01b0\u1eddi kh\u00e1c \u0111\u1ec3 \u0111\u00e1nh gi\u00e1 ngh\u1ec7 thu\u1eadt c\u1ee7a m\u00ecnh m\u00e0 t\u1ef1 \u0111\u00e1nh gi\u00e1 b\u1ea3n th\u00e2n \u2013 v\u00e0 nh\u1eefng ng\u01b0\u1eddi xung quanh ch\u1ec9 x\u00e1c nh\u1eadn gi\u00e1 tr\u1ecb \u0111\u00f3. \u0110\u00f3 l\u00e0 m\u1ed9t s\u1ef1 kh\u00e1c bi\u1ec7t l\u1edbn v\u00e0 quan tr\u1ecdng.<\/p>\n<p>M\u1eb7c d\u00f9 hi\u1ec7n t\u1ea1i t\u00f4i kh\u00f4ng c\u00f2n li\u00ean l\u1ea1c v\u1edbi ng\u01b0\u1eddi th\u1ea7y \u0111\u00f3, nh\u01b0ng t\u00f4i v\u1eabn coi \u00f4ng \u1ea5y l\u00e0 m\u1ed9t \u1ea3nh h\u01b0\u1edfng r\u1ea5t quan tr\u1ecdng v\u00e0 mu\u1ed1n c\u1ea3m \u01a1n \u00f4ng \u1ea5y v\u00ec nh\u1eefng l\u1eddi khuy\u00ean m\u00e0 \u00f4ng \u1ea5y \u0111\u00e3 d\u00e0nh cho t\u00f4i. C\u1ea3m \u01a1n \u00f4ng, v\u00e0 mong r\u1eb1ng con \u0111\u01b0\u1eddng c\u1ee7a ch\u00fang ta s\u1ebd g\u1eb7p l\u1ea1i nhau.<\/p>","protected":false},"excerpt":{"rendered":"<p>This work is again about daring to express what I think is good although it might not be in other peoples opinion. I was very about two years ago when I was taught first about integrity. Back then my mentor was telling me its about standing up for your values and your believes. Ever since [&hellip;]<\/p>","protected":false},"featured_media":193,"comment_status":"open","ping_status":"closed","template":"","meta":[],"product_cat":[15],"product_tag":[],"class_list":{"0":"post-234","1":"product","2":"type-product","3":"status-publish","4":"has-post-thumbnail","6":"product_cat-unkategorisiert","8":"first","9":"instock","10":"shipping-taxable","11":"purchasable","12":"product-type-simple"},"_links":{"self":[{"href":"https:\/\/dizoer.com\/de\/wp-json\/wp\/v2\/product\/234","targetHints":{"allow":["GET"]}}],"collection":[{"href":"https:\/\/dizoer.com\/de\/wp-json\/wp\/v2\/product"}],"about":[{"href":"https:\/\/dizoer.com\/de\/wp-json\/wp\/v2\/types\/product"}],"replies":[{"embeddable":true,"href":"https:\/\/dizoer.com\/de\/wp-json\/wp\/v2\/comments?post=234"}],"wp:featuredmedia":[{"embeddable":true,"href":"https:\/\/dizoer.com\/de\/wp-json\/wp\/v2\/media\/193"}],"wp:attachment":[{"href":"https:\/\/dizoer.com\/de\/wp-json\/wp\/v2\/media?parent=234"}],"wp:term":[{"taxonomy":"product_cat","embeddable":true,"href":"https:\/\/dizoer.com\/de\/wp-json\/wp\/v2\/product_cat?post=234"},{"taxonomy":"product_tag","embeddable":true,"href":"https:\/\/dizoer.com\/de\/wp-json\/wp\/v2\/product_tag?post=234"}],"curies":[{"name":"wp","href":"https:\/\/api.w.org\/{rel}","templated":true}]}}