{"id":111,"date":"2024-04-17T04:16:34","date_gmt":"2024-04-17T02:16:34","guid":{"rendered":"https:\/\/dizoer.com\/julian\/?post_type=product&#038;p=111"},"modified":"2025-01-30T12:10:23","modified_gmt":"2025-01-30T11:10:23","slug":"fugg-sleep","status":"publish","type":"product","link":"https:\/\/dizoer.com\/de\/produkt\/fugg-sleep\/","title":{"rendered":"Fugg Sleep (90&#215;70)"},"content":{"rendered":"<p>Dieses Werk ist eines der ersten und doch eines der st\u00e4rksten Werke. R\u00fcckblickend komm ich langsam zu dem Schluss das meine st\u00e4rksten Werke ma\u00dfgeblich davon anh\u00e4ngen wie selbstbewusst ich mich zum\u00a0 jeweiligen Zeitpunkt f\u00fchle. Es ist eine Homage an den Rapper A$AP Rocky und sein Song &#8216;Fugg Sleep&#8217;, der mich zu dieser Zeit sehr gepr\u00e4gt hat. Das kleingeschriebene\u00a0 auf Papier sind Teile der Lyrics. Der Rahmen ist \u00fcbernommen von einem alten Bild von Mitte des 20. Jahrhundert und der Pinselstrich ist mit alkoholbasierter Farbe auf das Glas gezogen. Das Werk ging an einen ehemaligen Arbeitskollegen, mit dem ich vor allem meinen Musikgeschmack sehr gut teilen konnte. Liebe Gr\u00fc\u00dfe an dieser Stelle.<\/p>","protected":false},"excerpt":{"rendered":"<p>Dieses Werk ist eines der ersten und doch eines der st\u00e4rksten Werke. R\u00fcckblickend komm ich langsam zu dem Schluss das meine st\u00e4rksten Werke ma\u00dfgeblich davon anh\u00e4ngen wie selbstbewusst ich mich zum\u00a0 jeweiligen Zeitpunkt f\u00fchle. Es ist eine Homage an den Rapper A$AP Rocky und sein Song &#8216;Fugg Sleep&#8217;, der mich zu dieser Zeit sehr gepr\u00e4gt [&hellip;]<\/p>","protected":false},"featured_media":92,"comment_status":"open","ping_status":"closed","template":"","meta":[],"product_cat":[15],"product_tag":[],"class_list":{"0":"post-111","1":"product","2":"type-product","3":"status-publish","4":"has-post-thumbnail","6":"product_cat-unkategorisiert","8":"first","9":"outofstock","10":"shipping-taxable","11":"purchasable","12":"product-type-simple"},"_links":{"self":[{"href":"https:\/\/dizoer.com\/de\/wp-json\/wp\/v2\/product\/111","targetHints":{"allow":["GET"]}}],"collection":[{"href":"https:\/\/dizoer.com\/de\/wp-json\/wp\/v2\/product"}],"about":[{"href":"https:\/\/dizoer.com\/de\/wp-json\/wp\/v2\/types\/product"}],"replies":[{"embeddable":true,"href":"https:\/\/dizoer.com\/de\/wp-json\/wp\/v2\/comments?post=111"}],"wp:featuredmedia":[{"embeddable":true,"href":"https:\/\/dizoer.com\/de\/wp-json\/wp\/v2\/media\/92"}],"wp:attachment":[{"href":"https:\/\/dizoer.com\/de\/wp-json\/wp\/v2\/media?parent=111"}],"wp:term":[{"taxonomy":"product_cat","embeddable":true,"href":"https:\/\/dizoer.com\/de\/wp-json\/wp\/v2\/product_cat?post=111"},{"taxonomy":"product_tag","embeddable":true,"href":"https:\/\/dizoer.com\/de\/wp-json\/wp\/v2\/product_tag?post=111"}],"curies":[{"name":"wp","href":"https:\/\/api.w.org\/{rel}","templated":true}]}}