{"id":101,"date":"2024-05-16T06:02:19","date_gmt":"2024-05-16T04:02:19","guid":{"rendered":"https:\/\/dizoer.com\/julian\/?post_type=product&#038;p=101"},"modified":"2025-01-30T12:09:49","modified_gmt":"2025-01-30T11:09:49","slug":"untitled","status":"publish","type":"product","link":"https:\/\/dizoer.com\/de\/produkt\/untitled\/","title":{"rendered":"Untitled (70&#215;50)"},"content":{"rendered":"<p>Gem\u00e4lde Nr. 2 der Verwirrungsserie war ein Geschenk an die zweitwichtigste Person in meinem Leben. Ohne sie w\u00e4re ich nicht in der Lage, all die gro\u00dfartige Arbeit zu leisten, die ich mache. Danke<\/p>","protected":false},"excerpt":{"rendered":"<p>Gem\u00e4lde Nr. 2 der Verwirrungsserie war ein Geschenk an die zweitwichtigste Person in meinem Leben. Ohne sie w\u00e4re ich nicht in der Lage, all die gro\u00dfartige Arbeit zu leisten, die ich mache. Danke<\/p>","protected":false},"featured_media":96,"comment_status":"open","ping_status":"closed","template":"","meta":[],"product_cat":[15],"product_tag":[],"class_list":{"0":"post-101","1":"product","2":"type-product","3":"status-publish","4":"has-post-thumbnail","6":"product_cat-unkategorisiert","8":"first","9":"outofstock","10":"shipping-taxable","11":"purchasable","12":"product-type-simple"},"_links":{"self":[{"href":"https:\/\/dizoer.com\/de\/wp-json\/wp\/v2\/product\/101","targetHints":{"allow":["GET"]}}],"collection":[{"href":"https:\/\/dizoer.com\/de\/wp-json\/wp\/v2\/product"}],"about":[{"href":"https:\/\/dizoer.com\/de\/wp-json\/wp\/v2\/types\/product"}],"replies":[{"embeddable":true,"href":"https:\/\/dizoer.com\/de\/wp-json\/wp\/v2\/comments?post=101"}],"wp:featuredmedia":[{"embeddable":true,"href":"https:\/\/dizoer.com\/de\/wp-json\/wp\/v2\/media\/96"}],"wp:attachment":[{"href":"https:\/\/dizoer.com\/de\/wp-json\/wp\/v2\/media?parent=101"}],"wp:term":[{"taxonomy":"product_cat","embeddable":true,"href":"https:\/\/dizoer.com\/de\/wp-json\/wp\/v2\/product_cat?post=101"},{"taxonomy":"product_tag","embeddable":true,"href":"https:\/\/dizoer.com\/de\/wp-json\/wp\/v2\/product_tag?post=101"}],"curies":[{"name":"wp","href":"https:\/\/api.w.org\/{rel}","templated":true}]}}