{"id":202,"date":"2024-09-24T08:27:07","date_gmt":"2024-09-24T06:27:07","guid":{"rendered":"https:\/\/dizoer.com\/julian\/?page_id=202"},"modified":"2024-10-08T04:36:12","modified_gmt":"2024-10-08T02:36:12","slug":"about","status":"publish","type":"page","link":"https:\/\/dizoer.com\/de\/","title":{"rendered":"About"},"content":{"rendered":"<p class=\"has-text-align-center has-medium-font-size\"><em>Dizoer<\/em> is an artist from the south of Germany born in 1994.&nbsp;<\/p>\n\n\n\n<p class=\"has-text-align-center has-medium-font-size\">His art keeps teaching him to cultivate self-trust and integrity but also to accept failure. He works to find balance somewhere between the rebellious, wild and explosive hand-styles representing the hip-hop culture he grew up with and on the other side the rather subtle, melancholic abstract art he is drawn to since his early twenties. He finds purpose in combining both of these seemingly opposing worlds and bringing them into a harmonic coexistence. He aims to show the beauty and art of hand-styles to an audience beyond the graffiti and street art community by displaying them on playful abstract compositions.&nbsp;<\/p>\n\n\n\n<p class=\"has-text-align-center has-medium-font-size\">Sometimes either one of the worlds is more dominant yet both are always represented in his work, seeking to merge in the coming decades.&nbsp;<\/p>\n\n\n\n<p class=\"has-text-align-center\">_______________<\/p>\n\n\n\n<p class=\"has-text-align-center\">Dizoer l\u00e0 m\u1ed9t ngh\u1ec7 s\u0129 \u0111\u1ebfn t\u1eeb mi\u1ec1n Nam n\u01b0\u1edbc \u0110\u1ee9c, sinh n\u0103m 1994.<\/p>\n\n\n\n<p class=\"has-text-align-center\">Ngh\u1ec7 thu\u1eadt c\u1ee7a anh \u1ea5y lu\u00f4n d\u1ea1y cho anh \u1ea5y c\u00e1ch nu\u00f4i d\u01b0\u1ee1ng ni\u1ec1m tin v\u00e0o b\u1ea3n th\u00e2n v\u00e0 s\u1ef1 ch\u00ednh tr\u1ef1c, nh\u01b0ng c\u0169ng d\u1ea1y anh \u1ea5y ch\u1ea5p nh\u1eadn th\u1ea5t b\u1ea1i. Anh \u1ea5y l\u00e0m vi\u1ec7c \u0111\u1ec3 t\u00ecm ra s\u1ef1 c\u00e2n b\u1eb1ng gi\u1eefa c\u00e1c phong c\u00e1ch ch\u1eef vi\u1ebft tay n\u1ed5i lo\u1ea1n, hoang d\u00e3 v\u00e0 b\u00f9ng n\u1ed5, \u0111\u1ea1i di\u1ec7n cho v\u0103n h\u00f3a hip-hop m\u00e0 anh l\u1edbn l\u00ean c\u00f9ng, v\u00e0 m\u1eb7t kh\u00e1c l\u00e0 ngh\u1ec7 thu\u1eadt tr\u1eebu t\u01b0\u1ee3ng nh\u1eb9 nh\u00e0ng, u s\u1ea7u m\u00e0 anh \u0111\u00e3 b\u1ecb thu h\u00fat t\u1eeb nh\u1eefng n\u0103m \u0111\u1ea7u tu\u1ed5i hai m\u01b0\u01a1i. Anh t\u00ecm th\u1ea5y \u00fd ngh\u0129a trong vi\u1ec7c k\u1ebft h\u1ee3p c\u1ea3 hai th\u1ebf gi\u1edbi d\u01b0\u1eddng nh\u01b0 \u0111\u1ed1i l\u1eadp n\u00e0y v\u00e0 mang ch\u00fang v\u00e0o m\u1ed9t s\u1ef1 \u0111\u1ed3ng t\u1ed3n t\u1ea1i h\u00e0i h\u00f2a. Anh \u1ea5y mong mu\u1ed1n gi\u1edbi thi\u1ec7u v\u1ebb \u0111\u1eb9p v\u00e0 ngh\u1ec7 thu\u1eadt c\u1ee7a c\u00e1c phong c\u00e1ch ch\u1eef vi\u1ebft tay t\u1edbi kh\u00e1n gi\u1ea3 ngo\u00e0i c\u1ed9ng \u0111\u1ed3ng graffiti v\u00e0 ngh\u1ec7 thu\u1eadt \u0111\u01b0\u1eddng ph\u1ed1 b\u1eb1ng c\u00e1ch tr\u01b0ng b\u00e0y ch\u00fang tr\u00ean c\u00e1c t\u00e1c ph\u1ea9m tr\u1eebu t\u01b0\u1ee3ng vui t\u01b0\u01a1i.<\/p>\n\n\n\n<p class=\"has-text-align-center\">\u0110\u00f4i khi m\u1ed9t trong hai th\u1ebf gi\u1edbi chi\u1ebfm \u01b0u th\u1ebf h\u01a1n, nh\u01b0ng c\u1ea3 hai lu\u00f4n \u0111\u01b0\u1ee3c th\u1ec3 hi\u1ec7n trong t\u00e1c ph\u1ea9m c\u1ee7a anh, v\u1edbi m\u1ee5c ti\u00eau h\u1ee3p nh\u1ea5t ch\u00fang trong nh\u1eefng th\u1eadp k\u1ef7 t\u1edbi.<\/p>\n\n\n\n<p class=\"has-text-align-center\"><\/p>\n\n\n\n<p><\/p>","protected":false},"excerpt":{"rendered":"<p>Dizoer is an artist from the south of Germany born in 1994.&nbsp; His art keeps teaching him to cultivate self-trust and integrity but also to accept failure. He works to find balance somewhere between the rebellious, wild and explosive hand-styles representing the hip-hop culture he grew up with and on the other side the rather [&hellip;]<\/p>","protected":false},"author":1,"featured_media":0,"parent":0,"menu_order":0,"comment_status":"closed","ping_status":"closed","template":"","meta":{"footnotes":""},"class_list":["post-202","page","type-page","status-publish","hentry"],"_links":{"self":[{"href":"https:\/\/dizoer.com\/de\/wp-json\/wp\/v2\/pages\/202","targetHints":{"allow":["GET"]}}],"collection":[{"href":"https:\/\/dizoer.com\/de\/wp-json\/wp\/v2\/pages"}],"about":[{"href":"https:\/\/dizoer.com\/de\/wp-json\/wp\/v2\/types\/page"}],"author":[{"embeddable":true,"href":"https:\/\/dizoer.com\/de\/wp-json\/wp\/v2\/users\/1"}],"replies":[{"embeddable":true,"href":"https:\/\/dizoer.com\/de\/wp-json\/wp\/v2\/comments?post=202"}],"version-history":[{"count":2,"href":"https:\/\/dizoer.com\/de\/wp-json\/wp\/v2\/pages\/202\/revisions"}],"predecessor-version":[{"id":216,"href":"https:\/\/dizoer.com\/de\/wp-json\/wp\/v2\/pages\/202\/revisions\/216"}],"wp:attachment":[{"href":"https:\/\/dizoer.com\/de\/wp-json\/wp\/v2\/media?parent=202"}],"curies":[{"name":"wp","href":"https:\/\/api.w.org\/{rel}","templated":true}]}}