{"id":167,"date":"2024-08-16T05:46:53","date_gmt":"2024-08-16T04:46:53","guid":{"rendered":"https:\/\/dizoer.com\/julian\/?page_id=167"},"modified":"2024-08-16T05:46:53","modified_gmt":"2024-08-16T04:46:53","slug":"impressum","status":"publish","type":"page","link":"https:\/\/dizoer.com\/de\/impressum\/","title":{"rendered":"Impressum"},"content":{"rendered":"<p>Dizoer\u00a0<br \/>Erlenweg 4f<br \/>86169 Augsburg<\/p>\n<h2>Kontakt<\/h2>\n<p>Telefon: +84354337518<br \/>E-Mail: info@dizoer.com<\/p>\n<p>Quelle: <a href=\"https:\/\/www.e-recht24.de\">https:\/\/www.e-recht24.de<\/a><\/p>\n\n\n<p>Die Europ\u00e4ische Kommission stellt eine Plattform zur Online-Streitbeilegung (OS) bereit, die Sie hier finden <a href=\"https:\/\/ec.europa.eu\/consumers\/odr\/\" target=\"_blank\" rel=\"noreferrer noopener\">https:\/\/ec.europa.eu\/consumers\/odr\/<\/a>. Verbraucher haben die M\u00f6glichkeit, diese Plattform f\u00fcr die Beilegung ihrer Streitigkeiten zu nutzen.<\/p>\n\n\n\n<p>Unsere E-Mail f\u00fcr Verbraucherbeschwerden lautet:\u00a0<a href=\"mailto:info@webdesign-homepage-gestaltung.de\">info@dizoer.com<\/a>\u00a0<br><em>Wir nehmen nicht an einem Streitbeilegungsverfahren vor einer Verbraucherschlichtungsstelle teil.<\/em><\/p>","protected":false},"excerpt":{"rendered":"<p>Dizoer\u00a0Erlenweg 4f86169 Augsburg Kontakt Telefon: +84354337518E-Mail: info@dizoer.com Quelle: https:\/\/www.e-recht24.de Die Europ\u00e4ische Kommission stellt eine Plattform zur Online-Streitbeilegung (OS) bereit, die Sie hier finden https:\/\/ec.europa.eu\/consumers\/odr\/. Verbraucher haben die M\u00f6glichkeit, diese Plattform f\u00fcr die Beilegung ihrer Streitigkeiten zu nutzen. Unsere E-Mail f\u00fcr Verbraucherbeschwerden lautet:\u00a0info@dizoer.com\u00a0Wir nehmen nicht an einem Streitbeilegungsverfahren vor einer Verbraucherschlichtungsstelle teil.<\/p>","protected":false},"author":1,"featured_media":0,"parent":0,"menu_order":0,"comment_status":"closed","ping_status":"closed","template":"","meta":{"footnotes":""},"class_list":["post-167","page","type-page","status-publish","hentry"],"_links":{"self":[{"href":"https:\/\/dizoer.com\/de\/wp-json\/wp\/v2\/pages\/167","targetHints":{"allow":["GET"]}}],"collection":[{"href":"https:\/\/dizoer.com\/de\/wp-json\/wp\/v2\/pages"}],"about":[{"href":"https:\/\/dizoer.com\/de\/wp-json\/wp\/v2\/types\/page"}],"author":[{"embeddable":true,"href":"https:\/\/dizoer.com\/de\/wp-json\/wp\/v2\/users\/1"}],"replies":[{"embeddable":true,"href":"https:\/\/dizoer.com\/de\/wp-json\/wp\/v2\/comments?post=167"}],"version-history":[{"count":1,"href":"https:\/\/dizoer.com\/de\/wp-json\/wp\/v2\/pages\/167\/revisions"}],"predecessor-version":[{"id":168,"href":"https:\/\/dizoer.com\/de\/wp-json\/wp\/v2\/pages\/167\/revisions\/168"}],"wp:attachment":[{"href":"https:\/\/dizoer.com\/de\/wp-json\/wp\/v2\/media?parent=167"}],"curies":[{"name":"wp","href":"https:\/\/api.w.org\/{rel}","templated":true}]}}